{"id":969,"date":"2026-02-22T16:23:13","date_gmt":"2026-02-22T15:23:13","guid":{"rendered":"https:\/\/www.rondelettesrbx.fr\/?post_type=product&#038;p=969"},"modified":"2026-02-22T16:23:13","modified_gmt":"2026-02-22T15:23:13","slug":"tee-shirt-uni-col-v","status":"publish","type":"product","link":"https:\/\/www.rondelettesrbx.fr\/index.php\/produit\/tee-shirt-uni-col-v\/","title":{"rendered":"Tee shirt uni col V"},"content":{"rendered":"<h3 class=\"info-heading\">D\u00e9tails du produit<\/h3>\n<div class=\"info-content\">\n<p class=\"description-cont\" data-content=\"description\">Dot\u00e9 d\u2019un col V classique et d\u2019une coupe droite. Mod\u00e8le uni sans motif, con\u00e7u dans une mati\u00e8re textile souple et confortable<\/p>\n<dl class=\"description-cont\" data-content=\"composition\">\n<dt class=\"label\">Composition: 93% viscose 7% \u00e9lasthanne<\/dt>\n<\/dl>\n<dl class=\"description-cont\" data-content=\"collection\">\n<dt class=\"label\">Collection: Printemps\/\u00c9t\u00e9 2026<\/dt>\n<\/dl>\n<\/div>\n","protected":false},"excerpt":{"rendered":"<p>D\u00e9tails du produit Dot\u00e9 d\u2019un col V classique et d\u2019une coupe droite. Mod\u00e8le uni sans motif, con\u00e7u dans une mati\u00e8re textile souple et confortable Composition: 93% viscose 7% \u00e9lasthanne Collection: Printemps\/\u00c9t\u00e9 2026<\/p>\n","protected":false},"featured_media":975,"comment_status":"open","ping_status":"closed","template":"","meta":[],"product_brand":[],"product_cat":[67],"product_tag":[],"class_list":{"0":"post-969","1":"product","2":"type-product","3":"status-publish","4":"has-post-thumbnail","6":"product_cat-pull","8":"first","9":"instock","10":"shipping-taxable","11":"purchasable","12":"product-type-variable"},"jetpack_sharing_enabled":true,"_links":{"self":[{"href":"https:\/\/www.rondelettesrbx.fr\/index.php\/wp-json\/wp\/v2\/product\/969","targetHints":{"allow":["GET"]}}],"collection":[{"href":"https:\/\/www.rondelettesrbx.fr\/index.php\/wp-json\/wp\/v2\/product"}],"about":[{"href":"https:\/\/www.rondelettesrbx.fr\/index.php\/wp-json\/wp\/v2\/types\/product"}],"replies":[{"embeddable":true,"href":"https:\/\/www.rondelettesrbx.fr\/index.php\/wp-json\/wp\/v2\/comments?post=969"}],"wp:featuredmedia":[{"embeddable":true,"href":"https:\/\/www.rondelettesrbx.fr\/index.php\/wp-json\/wp\/v2\/media\/975"}],"wp:attachment":[{"href":"https:\/\/www.rondelettesrbx.fr\/index.php\/wp-json\/wp\/v2\/media?parent=969"}],"wp:term":[{"taxonomy":"product_brand","embeddable":true,"href":"https:\/\/www.rondelettesrbx.fr\/index.php\/wp-json\/wp\/v2\/product_brand?post=969"},{"taxonomy":"product_cat","embeddable":true,"href":"https:\/\/www.rondelettesrbx.fr\/index.php\/wp-json\/wp\/v2\/product_cat?post=969"},{"taxonomy":"product_tag","embeddable":true,"href":"https:\/\/www.rondelettesrbx.fr\/index.php\/wp-json\/wp\/v2\/product_tag?post=969"}],"curies":[{"name":"wp","href":"https:\/\/api.w.org\/{rel}","templated":true}]}}