{"id":950,"date":"2026-02-03T18:02:22","date_gmt":"2026-02-03T17:02:22","guid":{"rendered":"https:\/\/www.rondelettesrbx.fr\/?post_type=product&#038;p=950"},"modified":"2026-02-03T18:02:22","modified_gmt":"2026-02-03T17:02:22","slug":"debardeur-dentelle","status":"publish","type":"product","link":"https:\/\/www.rondelettesrbx.fr\/index.php\/produit\/debardeur-dentelle\/","title":{"rendered":"D\u00e9bardeur dentelle"},"content":{"rendered":"<h3 class=\"info-heading\">D\u00e9tails du produit<\/h3>\n<div class=\"info-content\">\n<p class=\"description-cont\" data-content=\"description\">D\u00e9contract\u00e9 et chic, ce top l\u00e9ger \u00e0 bretelles fines est orn\u00e9 de dentelle d\u00e9licate au col. Son imprim\u00e9 animalier ajoute une touche audacieuse. Parfait pour une tenue du quotidien ou une soir\u00e9e. Id\u00e9al associ\u00e9 avec un pantalon ou une jupe.<\/p>\n<dl class=\"description-cont\" data-content=\"composition\">\n<dt class=\"label\">Composition: Viscose (51%), Nylon (24%), Polyester (25%)<\/dt>\n<\/dl>\n<dl class=\"description-cont\" data-content=\"collection\">\n<dt class=\"label\">Collection: Printemps\/ Et\u00e9 2026<\/dt>\n<\/dl>\n<\/div>\n","protected":false},"excerpt":{"rendered":"<p>D\u00e9tails du produit D\u00e9contract\u00e9 et chic, ce top l\u00e9ger \u00e0 bretelles fines est orn\u00e9 de dentelle d\u00e9licate au col. Son imprim\u00e9 animalier ajoute une touche audacieuse. Parfait pour une tenue du quotidien ou une soir\u00e9e. Id\u00e9al associ\u00e9 avec un pantalon ou une jupe. Composition: Viscose (51%), Nylon (24%), Polyester (25%) Collection: Printemps\/ Et\u00e9 2026<\/p>\n","protected":false},"featured_media":952,"comment_status":"open","ping_status":"closed","template":"","meta":[],"product_brand":[],"product_cat":[67],"product_tag":[],"class_list":{"0":"post-950","1":"product","2":"type-product","3":"status-publish","4":"has-post-thumbnail","6":"product_cat-pull","8":"first","9":"instock","10":"shipping-taxable","11":"purchasable","12":"product-type-variable"},"jetpack_sharing_enabled":true,"_links":{"self":[{"href":"https:\/\/www.rondelettesrbx.fr\/index.php\/wp-json\/wp\/v2\/product\/950","targetHints":{"allow":["GET"]}}],"collection":[{"href":"https:\/\/www.rondelettesrbx.fr\/index.php\/wp-json\/wp\/v2\/product"}],"about":[{"href":"https:\/\/www.rondelettesrbx.fr\/index.php\/wp-json\/wp\/v2\/types\/product"}],"replies":[{"embeddable":true,"href":"https:\/\/www.rondelettesrbx.fr\/index.php\/wp-json\/wp\/v2\/comments?post=950"}],"wp:featuredmedia":[{"embeddable":true,"href":"https:\/\/www.rondelettesrbx.fr\/index.php\/wp-json\/wp\/v2\/media\/952"}],"wp:attachment":[{"href":"https:\/\/www.rondelettesrbx.fr\/index.php\/wp-json\/wp\/v2\/media?parent=950"}],"wp:term":[{"taxonomy":"product_brand","embeddable":true,"href":"https:\/\/www.rondelettesrbx.fr\/index.php\/wp-json\/wp\/v2\/product_brand?post=950"},{"taxonomy":"product_cat","embeddable":true,"href":"https:\/\/www.rondelettesrbx.fr\/index.php\/wp-json\/wp\/v2\/product_cat?post=950"},{"taxonomy":"product_tag","embeddable":true,"href":"https:\/\/www.rondelettesrbx.fr\/index.php\/wp-json\/wp\/v2\/product_tag?post=950"}],"curies":[{"name":"wp","href":"https:\/\/api.w.org\/{rel}","templated":true}]}}