{"id":887,"date":"2025-11-18T18:29:32","date_gmt":"2025-11-18T17:29:32","guid":{"rendered":"https:\/\/www.rondelettesrbx.fr\/?post_type=product&#038;p=887"},"modified":"2025-11-18T18:29:32","modified_gmt":"2025-11-18T17:29:32","slug":"jupe-a-poids-et-dentelle","status":"publish","type":"product","link":"https:\/\/www.rondelettesrbx.fr\/index.php\/produit\/jupe-a-poids-et-dentelle\/","title":{"rendered":"Jupe \u00e0 poids et dentelle"},"content":{"rendered":"<h3 class=\"info-heading\">D\u00e9tails du produit<\/h3>\n<div class=\"info-content\">\n<p class=\"description-cont\" data-content=\"description\">Jupe fluide avec un jeu de transparence. D\u00e9tails en dentelle sur le bas et imprim\u00e9 \u00e0 pois sur l&rsquo;ensemble. Taille \u00e9lastique pour un confort optimal. Id\u00e9ale pour un look \u00e9l\u00e9gant et d\u00e9contract\u00e9, \u00e0 associer avec des sandales ou des talons. TU= 44-50<\/p>\n<dl class=\"description-cont\" data-content=\"composition\">\n<dt class=\"label\">Composition: Viscose (100%)<\/dt>\n<\/dl>\n<dl class=\"description-cont\" data-content=\"collection\">\n<dt class=\"label\">Collection: Automne\/Hiver 2025\/2026<\/dt>\n<\/dl>\n<\/div>\n","protected":false},"excerpt":{"rendered":"<p>D\u00e9tails du produit Jupe fluide avec un jeu de transparence. D\u00e9tails en dentelle sur le bas et imprim\u00e9 \u00e0 pois sur l&rsquo;ensemble. Taille \u00e9lastique pour un confort optimal. Id\u00e9ale pour un look \u00e9l\u00e9gant et d\u00e9contract\u00e9, \u00e0 associer avec des sandales ou des talons. TU= 44-50 Composition: Viscose (100%) Collection: Automne\/Hiver 2025\/2026<\/p>\n","protected":false},"featured_media":888,"comment_status":"open","ping_status":"closed","template":"","meta":[],"product_brand":[],"product_cat":[65],"product_tag":[],"class_list":{"0":"post-887","1":"product","2":"type-product","3":"status-publish","4":"has-post-thumbnail","6":"product_cat-robe","8":"first","9":"instock","10":"shipping-taxable","11":"purchasable","12":"product-type-variable"},"jetpack_sharing_enabled":true,"_links":{"self":[{"href":"https:\/\/www.rondelettesrbx.fr\/index.php\/wp-json\/wp\/v2\/product\/887","targetHints":{"allow":["GET"]}}],"collection":[{"href":"https:\/\/www.rondelettesrbx.fr\/index.php\/wp-json\/wp\/v2\/product"}],"about":[{"href":"https:\/\/www.rondelettesrbx.fr\/index.php\/wp-json\/wp\/v2\/types\/product"}],"replies":[{"embeddable":true,"href":"https:\/\/www.rondelettesrbx.fr\/index.php\/wp-json\/wp\/v2\/comments?post=887"}],"wp:featuredmedia":[{"embeddable":true,"href":"https:\/\/www.rondelettesrbx.fr\/index.php\/wp-json\/wp\/v2\/media\/888"}],"wp:attachment":[{"href":"https:\/\/www.rondelettesrbx.fr\/index.php\/wp-json\/wp\/v2\/media?parent=887"}],"wp:term":[{"taxonomy":"product_brand","embeddable":true,"href":"https:\/\/www.rondelettesrbx.fr\/index.php\/wp-json\/wp\/v2\/product_brand?post=887"},{"taxonomy":"product_cat","embeddable":true,"href":"https:\/\/www.rondelettesrbx.fr\/index.php\/wp-json\/wp\/v2\/product_cat?post=887"},{"taxonomy":"product_tag","embeddable":true,"href":"https:\/\/www.rondelettesrbx.fr\/index.php\/wp-json\/wp\/v2\/product_tag?post=887"}],"curies":[{"name":"wp","href":"https:\/\/api.w.org\/{rel}","templated":true}]}}