{"id":881,"date":"2025-11-18T18:04:24","date_gmt":"2025-11-18T17:04:24","guid":{"rendered":"https:\/\/www.rondelettesrbx.fr\/?post_type=product&#038;p=881"},"modified":"2025-11-18T18:04:24","modified_gmt":"2025-11-18T17:04:24","slug":"robe-courte-dentelle","status":"publish","type":"product","link":"https:\/\/www.rondelettesrbx.fr\/index.php\/produit\/robe-courte-dentelle\/","title":{"rendered":"Robe courte dentelle"},"content":{"rendered":"<h3 class=\"info-heading\">D\u00e9tails du produit<\/h3>\n<div class=\"info-content\">\n<p class=\"description-cont\" data-content=\"description\">Robes fluides \u00e0 manches longues en dentelle d\u00e9licate, avec un col en V. Id\u00e9ales pour des occasions sp\u00e9ciales ou d\u00e9contract\u00e9es. L&rsquo;impression raffin\u00e9e ajoute une touche de sophistication \u00e0 votre style.\u00a0 TU= 42-50<\/p>\n<dl class=\"description-cont\" data-content=\"composition\">\n<dt class=\"label\">Composition: Polyester (95%), \u00c9lasthanne (5%)<\/dt>\n<\/dl>\n<dl class=\"description-cont\" data-content=\"collection\">\n<dt class=\"label\">Collection: Automne\/Hiver 2025\/2026<\/dt>\n<\/dl>\n<\/div>\n","protected":false},"excerpt":{"rendered":"<p>D\u00e9tails du produit Robes fluides \u00e0 manches longues en dentelle d\u00e9licate, avec un col en V. Id\u00e9ales pour des occasions sp\u00e9ciales ou d\u00e9contract\u00e9es. L&rsquo;impression raffin\u00e9e ajoute une touche de sophistication \u00e0 votre style.\u00a0 TU= 42-50 Composition: Polyester (95%), \u00c9lasthanne (5%) Collection: Automne\/Hiver 2025\/2026<\/p>\n","protected":false},"featured_media":883,"comment_status":"open","ping_status":"closed","template":"","meta":[],"product_brand":[],"product_cat":[86,65],"product_tag":[],"class_list":{"0":"post-881","1":"product","2":"type-product","3":"status-publish","4":"has-post-thumbnail","6":"product_cat-fetes","7":"product_cat-robe","9":"first","10":"instock","11":"shipping-taxable","12":"purchasable","13":"product-type-variable"},"jetpack_sharing_enabled":true,"_links":{"self":[{"href":"https:\/\/www.rondelettesrbx.fr\/index.php\/wp-json\/wp\/v2\/product\/881","targetHints":{"allow":["GET"]}}],"collection":[{"href":"https:\/\/www.rondelettesrbx.fr\/index.php\/wp-json\/wp\/v2\/product"}],"about":[{"href":"https:\/\/www.rondelettesrbx.fr\/index.php\/wp-json\/wp\/v2\/types\/product"}],"replies":[{"embeddable":true,"href":"https:\/\/www.rondelettesrbx.fr\/index.php\/wp-json\/wp\/v2\/comments?post=881"}],"wp:featuredmedia":[{"embeddable":true,"href":"https:\/\/www.rondelettesrbx.fr\/index.php\/wp-json\/wp\/v2\/media\/883"}],"wp:attachment":[{"href":"https:\/\/www.rondelettesrbx.fr\/index.php\/wp-json\/wp\/v2\/media?parent=881"}],"wp:term":[{"taxonomy":"product_brand","embeddable":true,"href":"https:\/\/www.rondelettesrbx.fr\/index.php\/wp-json\/wp\/v2\/product_brand?post=881"},{"taxonomy":"product_cat","embeddable":true,"href":"https:\/\/www.rondelettesrbx.fr\/index.php\/wp-json\/wp\/v2\/product_cat?post=881"},{"taxonomy":"product_tag","embeddable":true,"href":"https:\/\/www.rondelettesrbx.fr\/index.php\/wp-json\/wp\/v2\/product_tag?post=881"}],"curies":[{"name":"wp","href":"https:\/\/api.w.org\/{rel}","templated":true}]}}