{"id":868,"date":"2025-11-14T22:59:59","date_gmt":"2025-11-14T21:59:59","guid":{"rendered":"https:\/\/www.rondelettesrbx.fr\/?post_type=product&#038;p=868"},"modified":"2025-11-14T22:59:59","modified_gmt":"2025-11-14T21:59:59","slug":"ceinture-cuir","status":"publish","type":"product","link":"https:\/\/www.rondelettesrbx.fr\/index.php\/produit\/ceinture-cuir\/","title":{"rendered":"Ceinture cuir"},"content":{"rendered":"<h3 class=\"info-heading\">D\u00e9tails du produit<\/h3>\n<div class=\"info-content\">\n<p class=\"description-cont\" data-content=\"description\">Ceinture en cuir au fini textur\u00e9. Dot\u00e9e d&rsquo;une boucle classique dor\u00e9e pour un look \u00e9l\u00e9gant. Id\u00e9ale pour compl\u00e9ter vos tenues, cette ceinture s&rsquo;adapte \u00e0 toutes les tailles gr\u00e2ce \u00e0 ses perforations. Parfaite pour un usage quotidien ou pour des occasions sp\u00e9ciales. TU= 44-50.<\/p>\n<dl class=\"description-cont\" data-content=\"composition\">\n<dt class=\"label\">Composition: Cuir (100%)<\/dt>\n<\/dl>\n<dl class=\"description-cont\" data-content=\"collection\">\n<dt class=\"label\">Collection: Automne\/Hiver 2025\/2026<\/dt>\n<\/dl>\n<\/div>\n","protected":false},"excerpt":{"rendered":"<p>D\u00e9tails du produit Ceinture en cuir au fini textur\u00e9. Dot\u00e9e d&rsquo;une boucle classique dor\u00e9e pour un look \u00e9l\u00e9gant. Id\u00e9ale pour compl\u00e9ter vos tenues, cette ceinture s&rsquo;adapte \u00e0 toutes les tailles gr\u00e2ce \u00e0 ses perforations. Parfaite pour un usage quotidien ou pour des occasions sp\u00e9ciales. TU= 44-50. Composition: Cuir (100%) Collection: Automne\/Hiver 2025\/2026<\/p>\n","protected":false},"featured_media":869,"comment_status":"open","ping_status":"closed","template":"","meta":[],"product_brand":[],"product_cat":[91],"product_tag":[],"class_list":{"0":"post-868","1":"product","2":"type-product","3":"status-publish","4":"has-post-thumbnail","6":"product_cat-accessoires","8":"first","9":"instock","10":"shipping-taxable","11":"purchasable","12":"product-type-variable"},"jetpack_sharing_enabled":true,"_links":{"self":[{"href":"https:\/\/www.rondelettesrbx.fr\/index.php\/wp-json\/wp\/v2\/product\/868","targetHints":{"allow":["GET"]}}],"collection":[{"href":"https:\/\/www.rondelettesrbx.fr\/index.php\/wp-json\/wp\/v2\/product"}],"about":[{"href":"https:\/\/www.rondelettesrbx.fr\/index.php\/wp-json\/wp\/v2\/types\/product"}],"replies":[{"embeddable":true,"href":"https:\/\/www.rondelettesrbx.fr\/index.php\/wp-json\/wp\/v2\/comments?post=868"}],"wp:featuredmedia":[{"embeddable":true,"href":"https:\/\/www.rondelettesrbx.fr\/index.php\/wp-json\/wp\/v2\/media\/869"}],"wp:attachment":[{"href":"https:\/\/www.rondelettesrbx.fr\/index.php\/wp-json\/wp\/v2\/media?parent=868"}],"wp:term":[{"taxonomy":"product_brand","embeddable":true,"href":"https:\/\/www.rondelettesrbx.fr\/index.php\/wp-json\/wp\/v2\/product_brand?post=868"},{"taxonomy":"product_cat","embeddable":true,"href":"https:\/\/www.rondelettesrbx.fr\/index.php\/wp-json\/wp\/v2\/product_cat?post=868"},{"taxonomy":"product_tag","embeddable":true,"href":"https:\/\/www.rondelettesrbx.fr\/index.php\/wp-json\/wp\/v2\/product_tag?post=868"}],"curies":[{"name":"wp","href":"https:\/\/api.w.org\/{rel}","templated":true}]}}