{"id":860,"date":"2025-11-14T21:03:15","date_gmt":"2025-11-14T20:03:15","guid":{"rendered":"https:\/\/www.rondelettesrbx.fr\/?post_type=product&#038;p=860"},"modified":"2026-02-25T17:31:40","modified_gmt":"2026-02-25T16:31:40","slug":"sac-matelasse","status":"publish","type":"product","link":"https:\/\/www.rondelettesrbx.fr\/index.php\/produit\/sac-matelasse\/","title":{"rendered":"Sac matelass\u00e9"},"content":{"rendered":"<h3 class=\"info-heading\">D\u00e9tails du produit<\/h3>\n<div class=\"info-content\">\n<p class=\"description-cont\" data-content=\"description\">Sac matelass\u00e9 bandouli\u00e8re pour femme, synth\u00e9tique, id\u00e9al pour toutes occasions. Parfait pour un style quotidien.<\/p>\n<dl class=\"description-cont\" data-content=\"tu_reference\">\n<dt class=\"label\">Correspondance TU<\/dt>\n<\/dl>\n<dl class=\"description-cont\" data-content=\"composition\">\n<dt class=\"label\">Composition: Synth\u00e9tique (100%)<\/dt>\n<\/dl>\n<dl class=\"description-cont\" data-content=\"collection\">\n<dt class=\"label\">Collection: Automne\/Hiver 2025\/2026<\/dt>\n<\/dl>\n<\/div>\n","protected":false},"excerpt":{"rendered":"<p>D\u00e9tails du produit Sac matelass\u00e9 bandouli\u00e8re pour femme, synth\u00e9tique, id\u00e9al pour toutes occasions. Parfait pour un style quotidien. Correspondance TU Composition: Synth\u00e9tique (100%) Collection: Automne\/Hiver 2025\/2026<\/p>\n","protected":false},"featured_media":862,"comment_status":"open","ping_status":"closed","template":"","meta":[],"product_brand":[],"product_cat":[91],"product_tag":[],"class_list":{"0":"post-860","1":"product","2":"type-product","3":"status-publish","4":"has-post-thumbnail","6":"product_cat-accessoires","8":"first","9":"instock","10":"shipping-taxable","11":"purchasable","12":"product-type-variable"},"jetpack_sharing_enabled":true,"_links":{"self":[{"href":"https:\/\/www.rondelettesrbx.fr\/index.php\/wp-json\/wp\/v2\/product\/860","targetHints":{"allow":["GET"]}}],"collection":[{"href":"https:\/\/www.rondelettesrbx.fr\/index.php\/wp-json\/wp\/v2\/product"}],"about":[{"href":"https:\/\/www.rondelettesrbx.fr\/index.php\/wp-json\/wp\/v2\/types\/product"}],"replies":[{"embeddable":true,"href":"https:\/\/www.rondelettesrbx.fr\/index.php\/wp-json\/wp\/v2\/comments?post=860"}],"wp:featuredmedia":[{"embeddable":true,"href":"https:\/\/www.rondelettesrbx.fr\/index.php\/wp-json\/wp\/v2\/media\/862"}],"wp:attachment":[{"href":"https:\/\/www.rondelettesrbx.fr\/index.php\/wp-json\/wp\/v2\/media?parent=860"}],"wp:term":[{"taxonomy":"product_brand","embeddable":true,"href":"https:\/\/www.rondelettesrbx.fr\/index.php\/wp-json\/wp\/v2\/product_brand?post=860"},{"taxonomy":"product_cat","embeddable":true,"href":"https:\/\/www.rondelettesrbx.fr\/index.php\/wp-json\/wp\/v2\/product_cat?post=860"},{"taxonomy":"product_tag","embeddable":true,"href":"https:\/\/www.rondelettesrbx.fr\/index.php\/wp-json\/wp\/v2\/product_tag?post=860"}],"curies":[{"name":"wp","href":"https:\/\/api.w.org\/{rel}","templated":true}]}}