{"id":856,"date":"2025-11-14T20:05:08","date_gmt":"2025-11-14T19:05:08","guid":{"rendered":"https:\/\/www.rondelettesrbx.fr\/?post_type=product&#038;p=856"},"modified":"2025-11-14T20:45:48","modified_gmt":"2025-11-14T19:45:48","slug":"boucle-doreille-escargot","status":"publish","type":"product","link":"https:\/\/www.rondelettesrbx.fr\/index.php\/produit\/boucle-doreille-escargot\/","title":{"rendered":"Boucle d&rsquo;oreille escargot"},"content":{"rendered":"<h3 class=\"info-heading\">D\u00e9tails du produit<\/h3>\n<div class=\"info-content\">\n<p class=\"description-cont\" data-content=\"description\">BOUCLES D&rsquo;OREILLES EN ACIER INOXYDABLE<br \/>\nR\u00e9siste \u00e0 l&rsquo;eau et ne noircit pas, garantie sans nickel, sans plomb, sans cadmium.<\/p>\n<dl class=\"description-cont\" data-content=\"tu_reference\">\n<dt class=\"label\">Correspondance TU<\/dt>\n<\/dl>\n<dl class=\"description-cont\" data-content=\"composition\">\n<dt class=\"label\">Composition: Acier inoxydable (100%)<\/dt>\n<\/dl>\n<dl class=\"description-cont\" data-content=\"collection\"><\/dl>\n<\/div>\n","protected":false},"excerpt":{"rendered":"<p>D\u00e9tails du produit BOUCLES D&rsquo;OREILLES EN ACIER INOXYDABLE R\u00e9siste \u00e0 l&rsquo;eau et ne noircit pas, garantie sans nickel, sans plomb, sans cadmium. Correspondance TU Composition: Acier inoxydable (100%)<\/p>\n","protected":false},"featured_media":857,"comment_status":"open","ping_status":"closed","template":"","meta":[],"product_brand":[],"product_cat":[91],"product_tag":[],"class_list":{"0":"post-856","1":"product","2":"type-product","3":"status-publish","4":"has-post-thumbnail","6":"product_cat-accessoires","8":"first","9":"instock","10":"sold-individually","11":"shipping-taxable","12":"purchasable","13":"product-type-simple"},"jetpack_sharing_enabled":true,"_links":{"self":[{"href":"https:\/\/www.rondelettesrbx.fr\/index.php\/wp-json\/wp\/v2\/product\/856","targetHints":{"allow":["GET"]}}],"collection":[{"href":"https:\/\/www.rondelettesrbx.fr\/index.php\/wp-json\/wp\/v2\/product"}],"about":[{"href":"https:\/\/www.rondelettesrbx.fr\/index.php\/wp-json\/wp\/v2\/types\/product"}],"replies":[{"embeddable":true,"href":"https:\/\/www.rondelettesrbx.fr\/index.php\/wp-json\/wp\/v2\/comments?post=856"}],"wp:featuredmedia":[{"embeddable":true,"href":"https:\/\/www.rondelettesrbx.fr\/index.php\/wp-json\/wp\/v2\/media\/857"}],"wp:attachment":[{"href":"https:\/\/www.rondelettesrbx.fr\/index.php\/wp-json\/wp\/v2\/media?parent=856"}],"wp:term":[{"taxonomy":"product_brand","embeddable":true,"href":"https:\/\/www.rondelettesrbx.fr\/index.php\/wp-json\/wp\/v2\/product_brand?post=856"},{"taxonomy":"product_cat","embeddable":true,"href":"https:\/\/www.rondelettesrbx.fr\/index.php\/wp-json\/wp\/v2\/product_cat?post=856"},{"taxonomy":"product_tag","embeddable":true,"href":"https:\/\/www.rondelettesrbx.fr\/index.php\/wp-json\/wp\/v2\/product_tag?post=856"}],"curies":[{"name":"wp","href":"https:\/\/api.w.org\/{rel}","templated":true}]}}