{"id":829,"date":"2025-11-12T18:20:46","date_gmt":"2025-11-12T17:20:46","guid":{"rendered":"https:\/\/www.rondelettesrbx.fr\/?post_type=product&#038;p=829"},"modified":"2025-12-06T13:40:21","modified_gmt":"2025-12-06T12:40:21","slug":"robe-de-soiree","status":"publish","type":"product","link":"https:\/\/www.rondelettesrbx.fr\/index.php\/produit\/robe-de-soiree\/","title":{"rendered":"Robe de soir\u00e9e"},"content":{"rendered":"<h3 class=\"info-heading\">D\u00e9tails du produit<\/h3>\n<div class=\"info-content\">\n<p class=\"description-cont\" data-content=\"description\">Robe \u00e9l\u00e9gante avec un d\u00e9collet\u00e9 en V et manches courtes. Parfaite pour les soir\u00e9es, elle est orn\u00e9e de sequins brillants. Sa coupe fluide et son tissu l\u00e9ger apportent confort et style, faisant de cette pi\u00e8ce un incontournable de votre garde-robe. TU = 42-46,<\/p>\n<dl class=\"description-cont\" data-content=\"composition\">\n<dt class=\"label\">Composition: Viscose (100%)<\/dt>\n<\/dl>\n<dl class=\"description-cont\" data-content=\"collection\">\n<dt class=\"label\">Collection: Automne\/Hiver 2025\/2026<\/dt>\n<\/dl>\n<\/div>\n","protected":false},"excerpt":{"rendered":"<p>D\u00e9tails du produit Robe \u00e9l\u00e9gante avec un d\u00e9collet\u00e9 en V et manches courtes. Parfaite pour les soir\u00e9es, elle est orn\u00e9e de sequins brillants. Sa coupe fluide et son tissu l\u00e9ger apportent confort et style, faisant de cette pi\u00e8ce un incontournable de votre garde-robe. TU = 42-46, Composition: Viscose (100%) Collection: Automne\/Hiver 2025\/2026<\/p>\n","protected":false},"featured_media":831,"comment_status":"open","ping_status":"closed","template":"","meta":[],"product_brand":[],"product_cat":[86,65],"product_tag":[],"class_list":{"0":"post-829","1":"product","2":"type-product","3":"status-publish","4":"has-post-thumbnail","6":"product_cat-fetes","7":"product_cat-robe","9":"first","10":"instock","11":"shipping-taxable","12":"purchasable","13":"product-type-variable"},"jetpack_sharing_enabled":true,"_links":{"self":[{"href":"https:\/\/www.rondelettesrbx.fr\/index.php\/wp-json\/wp\/v2\/product\/829","targetHints":{"allow":["GET"]}}],"collection":[{"href":"https:\/\/www.rondelettesrbx.fr\/index.php\/wp-json\/wp\/v2\/product"}],"about":[{"href":"https:\/\/www.rondelettesrbx.fr\/index.php\/wp-json\/wp\/v2\/types\/product"}],"replies":[{"embeddable":true,"href":"https:\/\/www.rondelettesrbx.fr\/index.php\/wp-json\/wp\/v2\/comments?post=829"}],"wp:featuredmedia":[{"embeddable":true,"href":"https:\/\/www.rondelettesrbx.fr\/index.php\/wp-json\/wp\/v2\/media\/831"}],"wp:attachment":[{"href":"https:\/\/www.rondelettesrbx.fr\/index.php\/wp-json\/wp\/v2\/media?parent=829"}],"wp:term":[{"taxonomy":"product_brand","embeddable":true,"href":"https:\/\/www.rondelettesrbx.fr\/index.php\/wp-json\/wp\/v2\/product_brand?post=829"},{"taxonomy":"product_cat","embeddable":true,"href":"https:\/\/www.rondelettesrbx.fr\/index.php\/wp-json\/wp\/v2\/product_cat?post=829"},{"taxonomy":"product_tag","embeddable":true,"href":"https:\/\/www.rondelettesrbx.fr\/index.php\/wp-json\/wp\/v2\/product_tag?post=829"}],"curies":[{"name":"wp","href":"https:\/\/api.w.org\/{rel}","templated":true}]}}