{"id":1032,"date":"2026-02-23T01:20:08","date_gmt":"2026-02-23T00:20:08","guid":{"rendered":"https:\/\/www.rondelettesrbx.fr\/?post_type=product&#038;p=1032"},"modified":"2026-02-23T01:20:08","modified_gmt":"2026-02-23T00:20:08","slug":"pantalon-a-pinces","status":"publish","type":"product","link":"https:\/\/www.rondelettesrbx.fr\/index.php\/produit\/pantalon-a-pinces\/","title":{"rendered":"Pantalon \u00e0 pinces"},"content":{"rendered":"<h3 class=\"info-heading\">D\u00e9tails du produit<\/h3>\n<div class=\"info-content\">\n<p class=\"description-cont\" data-content=\"description\">Pantalon \u00e0 pinces taille \u00e9lastique avec 2 poches et ceinture .<\/p>\n<dl class=\"description-cont\" data-content=\"tu_reference\">\n<dt class=\"label\">Correspondance T: 48<\/dt>\n<\/dl>\n<dl class=\"description-cont\" data-content=\"composition\">\n<dt class=\"label\">Composition: Polyester (100%)<\/dt>\n<\/dl>\n<dl class=\"description-cont\" data-content=\"collection\">\n<dt class=\"label\">Collection: Printemps\/\u00c9t\u00e9 2025<\/dt>\n<\/dl>\n<\/div>\n","protected":false},"excerpt":{"rendered":"<p>D\u00e9tails du produit Pantalon \u00e0 pinces taille \u00e9lastique avec 2 poches et ceinture . Correspondance T: 48 Composition: Polyester (100%) Collection: Printemps\/\u00c9t\u00e9 2025<\/p>\n","protected":false},"featured_media":1033,"comment_status":"open","ping_status":"closed","template":"","meta":[],"product_brand":[],"product_cat":[68],"product_tag":[],"class_list":{"0":"post-1032","1":"product","2":"type-product","3":"status-publish","4":"has-post-thumbnail","6":"product_cat-pantalon","8":"first","9":"instock","10":"shipping-taxable","11":"purchasable","12":"product-type-variable","13":"has-default-attributes"},"jetpack_sharing_enabled":true,"_links":{"self":[{"href":"https:\/\/www.rondelettesrbx.fr\/index.php\/wp-json\/wp\/v2\/product\/1032","targetHints":{"allow":["GET"]}}],"collection":[{"href":"https:\/\/www.rondelettesrbx.fr\/index.php\/wp-json\/wp\/v2\/product"}],"about":[{"href":"https:\/\/www.rondelettesrbx.fr\/index.php\/wp-json\/wp\/v2\/types\/product"}],"replies":[{"embeddable":true,"href":"https:\/\/www.rondelettesrbx.fr\/index.php\/wp-json\/wp\/v2\/comments?post=1032"}],"wp:featuredmedia":[{"embeddable":true,"href":"https:\/\/www.rondelettesrbx.fr\/index.php\/wp-json\/wp\/v2\/media\/1033"}],"wp:attachment":[{"href":"https:\/\/www.rondelettesrbx.fr\/index.php\/wp-json\/wp\/v2\/media?parent=1032"}],"wp:term":[{"taxonomy":"product_brand","embeddable":true,"href":"https:\/\/www.rondelettesrbx.fr\/index.php\/wp-json\/wp\/v2\/product_brand?post=1032"},{"taxonomy":"product_cat","embeddable":true,"href":"https:\/\/www.rondelettesrbx.fr\/index.php\/wp-json\/wp\/v2\/product_cat?post=1032"},{"taxonomy":"product_tag","embeddable":true,"href":"https:\/\/www.rondelettesrbx.fr\/index.php\/wp-json\/wp\/v2\/product_tag?post=1032"}],"curies":[{"name":"wp","href":"https:\/\/api.w.org\/{rel}","templated":true}]}}