{"id":1029,"date":"2026-02-23T01:01:23","date_gmt":"2026-02-23T00:01:23","guid":{"rendered":"https:\/\/www.rondelettesrbx.fr\/?post_type=product&#038;p=1029"},"modified":"2026-02-23T01:42:06","modified_gmt":"2026-02-23T00:42:06","slug":"panton-coupe-large-suedine","status":"publish","type":"product","link":"https:\/\/www.rondelettesrbx.fr\/index.php\/produit\/panton-coupe-large-suedine\/","title":{"rendered":"Pantalon coupe large su\u00e9dine"},"content":{"rendered":"<h3 class=\"info-heading\">D\u00e9tails du produit<\/h3>\n<div class=\"info-content\">\n<p class=\"description-cont\" data-content=\"description\">Mati\u00e8re su\u00e9dine taille \u00e9lastique avec une ceinture l\u00e9opard et 4 poches.<\/p>\n<dl class=\"description-cont\" data-content=\"tu_reference\">\n<dt class=\"label\">Correspondance TU: 40-48<\/dt>\n<\/dl>\n<dl class=\"description-cont\" data-content=\"composition\">\n<dt class=\"label\">Composition: Viscose (50%), Polyester (35%), PU (10%), Elastane (5%)<\/dt>\n<\/dl>\n<dl class=\"description-cont\" data-content=\"collection\">\n<dt class=\"label\">Collection: Printemps\/\u00c9t\u00e9 2026<\/dt>\n<\/dl>\n<\/div>\n","protected":false},"excerpt":{"rendered":"<p>D\u00e9tails du produit Mati\u00e8re su\u00e9dine taille \u00e9lastique avec une ceinture l\u00e9opard et 4 poches. Correspondance TU: 40-48 Composition: Viscose (50%), Polyester (35%), PU (10%), Elastane (5%) Collection: Printemps\/\u00c9t\u00e9 2026<\/p>\n","protected":false},"featured_media":1030,"comment_status":"open","ping_status":"closed","template":"","meta":[],"product_brand":[],"product_cat":[68],"product_tag":[],"class_list":{"0":"post-1029","1":"product","2":"type-product","3":"status-publish","4":"has-post-thumbnail","6":"product_cat-pantalon","8":"first","9":"instock","10":"shipping-taxable","11":"purchasable","12":"product-type-variable"},"jetpack_sharing_enabled":true,"_links":{"self":[{"href":"https:\/\/www.rondelettesrbx.fr\/index.php\/wp-json\/wp\/v2\/product\/1029","targetHints":{"allow":["GET"]}}],"collection":[{"href":"https:\/\/www.rondelettesrbx.fr\/index.php\/wp-json\/wp\/v2\/product"}],"about":[{"href":"https:\/\/www.rondelettesrbx.fr\/index.php\/wp-json\/wp\/v2\/types\/product"}],"replies":[{"embeddable":true,"href":"https:\/\/www.rondelettesrbx.fr\/index.php\/wp-json\/wp\/v2\/comments?post=1029"}],"wp:featuredmedia":[{"embeddable":true,"href":"https:\/\/www.rondelettesrbx.fr\/index.php\/wp-json\/wp\/v2\/media\/1030"}],"wp:attachment":[{"href":"https:\/\/www.rondelettesrbx.fr\/index.php\/wp-json\/wp\/v2\/media?parent=1029"}],"wp:term":[{"taxonomy":"product_brand","embeddable":true,"href":"https:\/\/www.rondelettesrbx.fr\/index.php\/wp-json\/wp\/v2\/product_brand?post=1029"},{"taxonomy":"product_cat","embeddable":true,"href":"https:\/\/www.rondelettesrbx.fr\/index.php\/wp-json\/wp\/v2\/product_cat?post=1029"},{"taxonomy":"product_tag","embeddable":true,"href":"https:\/\/www.rondelettesrbx.fr\/index.php\/wp-json\/wp\/v2\/product_tag?post=1029"}],"curies":[{"name":"wp","href":"https:\/\/api.w.org\/{rel}","templated":true}]}}