{"id":1014,"date":"2026-02-23T00:15:22","date_gmt":"2026-02-22T23:15:22","guid":{"rendered":"https:\/\/www.rondelettesrbx.fr\/?post_type=product&#038;p=1014"},"modified":"2026-03-17T15:05:23","modified_gmt":"2026-03-17T14:05:23","slug":"blazer","status":"publish","type":"product","link":"https:\/\/www.rondelettesrbx.fr\/index.php\/produit\/blazer\/","title":{"rendered":"Blazer"},"content":{"rendered":"<h3 class=\"info-heading\">D\u00e9tails du produit<\/h3>\n<div class=\"info-content\">\n<p class=\"description-cont\" data-content=\"description\">Blazer uni col tailleur ouvert avec doublure. Petites \u00e9paulettes int\u00e9rieures. (Fausses poches).TU pouvant convenir jusqu\u2019au 52 (petit 54) environ. Largeur poitrine ~67cm, longueur ~78cm.<\/p>\n<dl class=\"description-cont\" data-content=\"tu_reference\">\n<dt class=\"label\">Correspondance TU: 50\/52<\/dt>\n<\/dl>\n<dl class=\"description-cont\" data-content=\"composition\">\n<dt class=\"label\">Composition: Polyester (95%), \u00c9lasthanne (5%)<\/dt>\n<\/dl>\n<dl class=\"description-cont\" data-content=\"collection\">\n<dt class=\"label\">Collection: Printemps\/\u00c9t\u00e9 2026<\/dt>\n<\/dl>\n<\/div>\n","protected":false},"excerpt":{"rendered":"<p>D\u00e9tails du produit Blazer uni col tailleur ouvert avec doublure. Petites \u00e9paulettes int\u00e9rieures. (Fausses poches).TU pouvant convenir jusqu\u2019au 52 (petit 54) environ. Largeur poitrine ~67cm, longueur ~78cm. Correspondance TU: 50\/52 Composition: Polyester (95%), \u00c9lasthanne (5%) Collection: Printemps\/\u00c9t\u00e9 2026<\/p>\n","protected":false},"featured_media":1073,"comment_status":"open","ping_status":"closed","template":"","meta":[],"product_brand":[],"product_cat":[70],"product_tag":[],"class_list":{"0":"post-1014","1":"product","2":"type-product","3":"status-publish","4":"has-post-thumbnail","6":"product_cat-vetements-exterieurs","8":"first","9":"instock","10":"shipping-taxable","11":"purchasable","12":"product-type-variable","13":"has-default-attributes"},"jetpack_sharing_enabled":true,"_links":{"self":[{"href":"https:\/\/www.rondelettesrbx.fr\/index.php\/wp-json\/wp\/v2\/product\/1014","targetHints":{"allow":["GET"]}}],"collection":[{"href":"https:\/\/www.rondelettesrbx.fr\/index.php\/wp-json\/wp\/v2\/product"}],"about":[{"href":"https:\/\/www.rondelettesrbx.fr\/index.php\/wp-json\/wp\/v2\/types\/product"}],"replies":[{"embeddable":true,"href":"https:\/\/www.rondelettesrbx.fr\/index.php\/wp-json\/wp\/v2\/comments?post=1014"}],"wp:featuredmedia":[{"embeddable":true,"href":"https:\/\/www.rondelettesrbx.fr\/index.php\/wp-json\/wp\/v2\/media\/1073"}],"wp:attachment":[{"href":"https:\/\/www.rondelettesrbx.fr\/index.php\/wp-json\/wp\/v2\/media?parent=1014"}],"wp:term":[{"taxonomy":"product_brand","embeddable":true,"href":"https:\/\/www.rondelettesrbx.fr\/index.php\/wp-json\/wp\/v2\/product_brand?post=1014"},{"taxonomy":"product_cat","embeddable":true,"href":"https:\/\/www.rondelettesrbx.fr\/index.php\/wp-json\/wp\/v2\/product_cat?post=1014"},{"taxonomy":"product_tag","embeddable":true,"href":"https:\/\/www.rondelettesrbx.fr\/index.php\/wp-json\/wp\/v2\/product_tag?post=1014"}],"curies":[{"name":"wp","href":"https:\/\/api.w.org\/{rel}","templated":true}]}}