{"id":12,"date":"2025-02-11T13:08:48","date_gmt":"2025-02-11T12:08:48","guid":{"rendered":"https:\/\/www.rondelettesrbx.fr\/?page_id=12"},"modified":"2025-10-24T01:16:06","modified_gmt":"2025-10-23T23:16:06","slug":"a-propos","status":"publish","type":"page","link":"https:\/\/www.rondelettesrbx.fr\/index.php\/a-propos\/","title":{"rendered":"A propos"},"content":{"rendered":"\n<div class=\"wp-block-group alignfull has-background has-global-padding is-layout-constrained wp-container-core-group-is-layout-0117c4cf wp-block-group-is-layout-constrained\" style=\"background-color:#f7f2ef;padding-top:80px;padding-bottom:80px\">\n<h1 class=\"wp-block-heading has-text-align-center has-text-color has-link-color has-belleza-font-family wp-elements-034e7bfc80c4aaf7d2f76356ceb5074c\" style=\"color:#525060;font-size:clamp(39.963px, 2.498rem + ((1vw - 3.2px) * 3.981), 75px);font-style:normal;font-weight:400\">COQUETTE EN RONDELETTES<\/h1>\n<\/div>\n\n\n\n<div class=\"wp-block-group alignfull has-global-padding is-layout-constrained wp-container-core-group-is-layout-4383d167 wp-block-group-is-layout-constrained\">\n<div class=\"wp-block-group alignwide has-global-padding is-layout-constrained wp-container-core-group-is-layout-655e7825 wp-block-group-is-layout-constrained\" style=\"margin-top:0px;margin-bottom:0px;padding-top:6rem;padding-bottom:6rem\">\n<div class=\"wp-block-columns is-layout-flex wp-container-core-columns-is-layout-92515837 wp-block-columns-is-layout-flex\">\n<div class=\"wp-block-column is-layout-flow wp-block-column-is-layout-flow\" style=\"flex-basis:50%\">\n<figure class=\"wp-block-image size-full\"><img loading=\"lazy\" decoding=\"async\" width=\"500\" height=\"500\" src=\"http:\/\/www.rondelettesrbx.fr\/wp-content\/uploads\/2025\/02\/Rondelettes-Rbx.png\" alt=\"\" class=\"wp-image-458\" srcset=\"https:\/\/www.rondelettesrbx.fr\/wp-content\/uploads\/2025\/02\/Rondelettes-Rbx.png 500w, https:\/\/www.rondelettesrbx.fr\/wp-content\/uploads\/2025\/02\/Rondelettes-Rbx-300x300.png 300w, https:\/\/www.rondelettesrbx.fr\/wp-content\/uploads\/2025\/02\/Rondelettes-Rbx-150x150.png 150w, https:\/\/www.rondelettesrbx.fr\/wp-content\/uploads\/2025\/02\/Rondelettes-Rbx-100x100.png 100w\" sizes=\"auto, (max-width: 500px) 100vw, 500px\" \/><\/figure>\n<\/div>\n\n\n\n<div class=\"wp-block-column is-vertically-aligned-center is-layout-flow wp-block-column-is-layout-flow\" style=\"flex-basis:50%\">\n<h2 class=\"wp-block-heading has-text-color has-link-color has-belleza-font-family wp-elements-b5e515cc6431c766915eab0acf7680c8\" style=\"color:#525060;font-size:clamp(20px, 1.25rem + ((1vw - 3.2px) * 1.364), 32px);font-style:normal;font-weight:400;text-transform:uppercase\">Nos valeurs : Style, Confort, Confiance<\/h2>\n\n\n\n<p><\/p>\n\n\n\n<p>Chez Rondelettes Rbx, nous croyons que chaque corps m\u00e9rite de se sentir fabuleux ! Notre mission est de fournir des v\u00eatements \u00e9l\u00e9gants et de haute qualit\u00e9 en grandes tailles qui vous permettent d&rsquo;exprimer votre personnalit\u00e9 unique. Nous comprenons que la mode n&rsquo;est pas seulement une question d&rsquo;apparence, mais aussi de bien-\u00eatre. C&rsquo;est pourquoi nous mettons l&rsquo;accent sur le confort sans sacrifier le style. Notre collection vari\u00e9e est con\u00e7ue en fonction de vous, pour que vous trouviez des pi\u00e8ces qui vous vont \u00e0 merveille et qui vous font briller. Rejoignez nous dans ce voyage pour c\u00e9l\u00e9brer chaque courbe et embrasser votre vraie personnalit\u00e9 avec confiance !<\/p>\n\n\n\n<p class=\"has-text-color has-link-color has-jost-font-family wp-elements-84f2c9865b66728b541efa1e883104a7\" style=\"color:#525060;font-size:clamp(14px, 0.875rem + ((1vw - 3.2px) * 0.455), 18px);\">Ensemble, brisons les barri\u00e8res de la mode traditionnelle. Chez Rondelettes Rbx, vous n&rsquo;\u00eates pas seulement une cliente ; vous faites partie d&rsquo;une communaut\u00e9 dynamique qui encourage et c\u00e9l\u00e8bre chaque corps. Shoppez avec nous d\u00e8s aujourd&rsquo;hui !<\/p>\n<\/div>\n<\/div>\n<\/div>\n<\/div>\n\n\n\n<div class=\"wp-block-cover alignfull\" style=\"margin-top:0;margin-bottom:0;padding-top:100px;padding-bottom:100px\"><img decoding=\"async\" class=\"wp-block-cover__image-background wp-image-2955\" alt=\"\" src=\"https:\/\/tyler.com\/wp-content\/uploads\/2023\/11\/Style-About-3rd-Cover-Image.jpeg\" style=\"object-position:50% 51%\" data-object-fit=\"cover\" data-object-position=\"50% 51%\"\/><span aria-hidden=\"true\" class=\"wp-block-cover__background has-background-dim-90 has-background-dim\" style=\"background-color:#696778\"><\/span><div class=\"wp-block-cover__inner-container has-global-padding is-layout-constrained wp-container-core-cover-is-layout-dc08f85c wp-block-cover-is-layout-constrained\">\n<h2 class=\"wp-block-heading has-text-align-center has-text-color has-link-color has-jost-font-family wp-elements-e380f77b7f69cbeb8307caecc3c12cd0\" style=\"color:#f6f3ee;font-size:clamp(14px, 0.875rem + ((1vw - 3.2px) * 0.455), 18px);font-style:normal;font-weight:400;letter-spacing:1px;text-transform:uppercase\"><\/h2>\n\n\n\n<h2 class=\"wp-block-heading has-text-align-center has-text-color has-link-color has-belleza-font-family wp-elements-0eb6c37e63dcd2ceedabd2972e4ba883\" style=\"color:#f6f3ee;font-size:clamp(20px, 1.25rem + ((1vw - 3.2px) * 1.364), 32px);\">Nos services exceptionnels<\/h2>\n\n\n\n<hr class=\"wp-block-separator has-text-color has-base-color has-alpha-channel-opacity has-base-background-color has-background\" style=\"margin-top:20px;margin-bottom:10px\"\/>\n\n\n\n<div class=\"wp-block-columns is-layout-flex wp-container-core-columns-is-layout-f350720d wp-block-columns-is-layout-flex\" style=\"padding-top:20px\">\n<div class=\"wp-block-column has-background is-layout-flow wp-container-core-column-is-layout-af27bfb9 wp-block-column-is-layout-flow\" style=\"background-color:#f6f3ee;padding-top:30px;padding-right:20px;padding-bottom:30px;padding-left:20px\">\n<figure class=\"wp-block-image size-full is-resized\"><img decoding=\"async\" src=\"https:\/\/tyler.com\/wp-content\/uploads\/2023\/11\/costumer.png\" alt=\"\" class=\"wp-image-82961\" style=\"width:50px\"\/><\/figure>\n\n\n\n<h6 class=\"wp-block-heading has-text-color has-link-color has-jost-font-family wp-elements-fb8a48dbdc8bfad4578130e075ca3183\" style=\"color:#525060;padding-top:20px;font-size:clamp(14px, 0.875rem + ((1vw - 3.2px) * 0.682), 20px);font-style:normal;font-weight:500;text-transform:uppercase\">Collection de v\u00eatements \u00e9l\u00e9gants<\/h6>\n\n\n\n<p class=\"has-text-color has-link-color has-jost-font-family wp-elements-0856b1091f6f1ae6541ec6cf65b4435d\" style=\"color:#525060;font-size:clamp(14px, 0.875rem + ((1vw - 3.2px) * 0.227), 16px);\">Notre collection de v\u00eatements \u00e9l\u00e9gants pr\u00e9sente des mod\u00e8les \u00e0 la mode dans un large \u00e9ventail de tailles. Chaque pi\u00e8ce est con\u00e7ue pour mettre en valeur votre silhouette et vous permettre d&rsquo;\u00eatre belle et de vous sentir bien tous les jours !<\/p>\n<\/div>\n\n\n\n<div class=\"wp-block-column has-background is-layout-flow wp-container-core-column-is-layout-af27bfb9 wp-block-column-is-layout-flow\" style=\"background-color:#f6f3ee;padding-top:30px;padding-right:20px;padding-bottom:30px;padding-left:20px\">\n<figure class=\"wp-block-image size-full is-resized\"><img decoding=\"async\" src=\"https:\/\/tyler.com\/wp-content\/uploads\/2023\/11\/delivery-man.png\" alt=\"\" class=\"wp-image-82962\" style=\"width:50px\"\/><\/figure>\n\n\n\n<h6 class=\"wp-block-heading has-text-color has-link-color has-jost-font-family wp-elements-52139269d6de0f4ab08ff502cd02510e\" style=\"color:#525060;padding-top:20px;font-size:clamp(14px, 0.875rem + ((1vw - 3.2px) * 0.682), 20px);font-style:normal;font-weight:500;text-transform:uppercase\">Exp\u00e9rience d&rsquo;achat personnalis\u00e9e<\/h6>\n\n\n\n<p class=\"has-text-color has-link-color has-jost-font-family wp-elements-09a4876a56b91ff0312fc2212635bfeb\" style=\"color:#525060;font-size:clamp(14px, 0.875rem + ((1vw - 3.2px) * 0.227), 16px);\">Profitez d&rsquo;une exp\u00e9rience d&rsquo;achat personnalis\u00e9e avec notre \u00e9quipe d&rsquo;experts. Nous vous aidons \u00e0 trouver la coupe et le style parfaits qui correspondent \u00e0 votre personnalit\u00e9, ce qui rend le shopping amusant et sans stress !<\/p>\n<\/div>\n\n\n\n<div class=\"wp-block-column has-background is-layout-flow wp-container-core-column-is-layout-af27bfb9 wp-block-column-is-layout-flow\" style=\"background-color:#f6f3ee;padding-top:30px;padding-right:20px;padding-bottom:30px;padding-left:20px\">\n<figure class=\"wp-block-image size-full is-resized\"><img loading=\"lazy\" decoding=\"async\" width=\"279\" height=\"235\" src=\"https:\/\/www.rondelettesrbx.fr\/wp-content\/uploads\/2025\/02\/OIP.jpeg\" alt=\"\" class=\"wp-image-94\" style=\"width:68px;height:auto\"\/><\/figure>\n\n\n\n<h6 class=\"wp-block-heading has-text-color has-link-color has-jost-font-family wp-elements-895635c793f645c42d38ef4243b6d495\" style=\"color:#525060;padding-top:20px;font-size:clamp(14px, 0.875rem + ((1vw - 3.2px) * 0.682), 20px);font-style:normal;font-weight:500;text-transform:uppercase\">LIVRAISON ET ENVOIE<\/h6>\n\n\n\n<p><\/p>\n\n\n\n<p class=\"has-text-color has-link-color has-jost-font-family wp-elements-2d9058d317cf78a66dacd56253e0fc8c\" style=\"color:#525060;font-size:clamp(14px, 0.875rem + ((1vw - 3.2px) * 0.227), 16px);\">Pour faciliter votre shopping nous livrons sur la m\u00e9tropole lilloise ! Vous pouvez aussi r\u00e9cup\u00e9rer votre commande directement en boutique et les envoie se font partout.<\/p>\n<\/div>\n<\/div>\n<\/div><\/div>\n\n\n\n<div class=\"wp-block-group alignfull has-global-padding is-layout-constrained wp-container-core-group-is-layout-0117c4cf wp-block-group-is-layout-constrained\" style=\"padding-top:80px;padding-bottom:80px\">\n<div class=\"wp-block-columns is-layout-flex wp-container-core-columns-is-layout-28f84493 wp-block-columns-is-layout-flex\">\n<div class=\"wp-block-column has-background is-layout-flow wp-block-column-is-layout-flow\" style=\"border-top-style:none;border-top-width:0px;border-right-style:none;border-right-width:0px;border-bottom-style:none;border-bottom-width:0px;border-left-color:#696778;border-left-width:2px;background-color:#69677812;padding-top:20px;padding-bottom:20px;padding-left:50px\">\n<h2 class=\"wp-block-heading has-text-align-left has-text-color has-link-color has-belleza-font-family wp-elements-af1a1826ca5b70844d06f7949128a4c0\" style=\"color:#696778;font-size:clamp(33.419px, 2.089rem + ((1vw - 3.2px) * 3.021), 60px);font-style:normal;font-weight:600\">1<\/h2>\n\n\n\n<p class=\"has-text-color has-link-color has-jost-font-family wp-elements-eaaa1c0a79fdb4de13a16fce11afba0b\" style=\"color:#525060;font-size:clamp(14px, 0.875rem + ((1vw - 3.2px) * 0.227), 16px);font-style:normal;font-weight:400;letter-spacing:1px;text-transform:uppercase\">Qualite des vetments<\/p>\n<\/div>\n\n\n\n<div class=\"wp-block-column has-background is-layout-flow wp-block-column-is-layout-flow\" style=\"border-top-style:none;border-top-width:0px;border-right-style:none;border-right-width:0px;border-bottom-style:none;border-bottom-width:0px;border-left-color:#696778;border-left-width:2px;background-color:#69677812;padding-top:20px;padding-bottom:20px;padding-left:50px\">\n<h2 class=\"wp-block-heading has-text-align-left has-text-color has-link-color has-belleza-font-family wp-elements-0e6ae76076dc690075d22bfce2f88898\" style=\"color:#696778;font-size:clamp(33.419px, 2.089rem + ((1vw - 3.2px) * 3.021), 60px);font-style:normal;font-weight:600\">2<\/h2>\n\n\n\n<p class=\"has-text-color has-link-color has-jost-font-family wp-elements-cf661fbd989da18b95d13e20eedbc77b\" style=\"color:#525060;font-size:clamp(14px, 0.875rem + ((1vw - 3.2px) * 0.227), 16px);font-style:normal;font-weight:400;letter-spacing:1px;text-transform:uppercase\">taille inclusive<\/p>\n<\/div>\n\n\n\n<div class=\"wp-block-column has-background is-layout-flow wp-block-column-is-layout-flow\" style=\"border-top-style:none;border-top-width:0px;border-right-style:none;border-right-width:0px;border-bottom-style:none;border-bottom-width:0px;border-left-color:#696778;border-left-width:2px;background-color:#69677812;padding-top:20px;padding-bottom:20px;padding-left:50px\">\n<h2 class=\"wp-block-heading has-text-align-left has-text-color has-link-color has-belleza-font-family wp-elements-ebd99d03045f2b2bbdb200cf021b223e\" style=\"color:#696778;font-size:clamp(33.419px, 2.089rem + ((1vw - 3.2px) * 3.021), 60px);font-style:normal;font-weight:600\">3<\/h2>\n\n\n\n<p class=\"has-text-color has-link-color has-jost-font-family wp-elements-8f7b8029150322d2b3c9346071c2e2e9\" style=\"color:#525060;font-size:clamp(14px, 0.875rem + ((1vw - 3.2px) * 0.227), 16px);font-style:normal;font-weight:400;letter-spacing:1px;text-transform:uppercase\">soutien d experts<\/p>\n<\/div>\n\n\n\n<div class=\"wp-block-column has-background is-layout-flow wp-block-column-is-layout-flow\" style=\"border-top-style:none;border-top-width:0px;border-right-style:none;border-right-width:0px;border-bottom-style:none;border-bottom-width:0px;border-left-color:#696778;border-left-width:2px;background-color:#69677812;padding-top:20px;padding-bottom:20px;padding-left:50px\">\n<h2 class=\"wp-block-heading has-text-align-left has-text-color has-link-color has-belleza-font-family wp-elements-79cbb3b5d5d95ce771143c62da17273f\" style=\"color:#696778;font-size:clamp(33.419px, 2.089rem + ((1vw - 3.2px) * 3.021), 60px);font-style:normal;font-weight:600\">4<\/h2>\n\n\n\n<p class=\"has-text-color has-link-color has-jost-font-family wp-elements-e28c898bcdf0347ef16d8c5e4fa60609\" style=\"color:#525060;font-size:clamp(14px, 0.875rem + ((1vw - 3.2px) * 0.227), 16px);font-style:normal;font-weight:400;letter-spacing:1px;text-transform:uppercase\">L&rsquo;ACCENT MIS SUR LA COMMUNAUTE<\/p>\n<\/div>\n<\/div>\n<\/div>\n\n\n\n<section class=\"wp-block-group alignfull has-background has-global-padding is-layout-constrained wp-container-core-group-is-layout-3428e546 wp-block-group-is-layout-constrained\" style=\"background-color:#f6f3ee;margin-top:0px;margin-bottom:0px;padding-top:80px;padding-bottom:80px\">\n<h4 class=\"wp-block-heading has-text-align-center has-text-color has-belleza-font-family\" style=\"color:#525060;margin-bottom:1rem;font-size:clamp(1.25rem, 1.25rem + ((1vw - 0.2rem) * 1.364), 2rem);font-style:normal;font-weight:400;line-height:1.2;text-transform:uppercase\">CONTACTEZ NOUS !<\/h4>\n\n\n\n<p class=\"has-text-align-center has-text-color has-jost-font-family\" style=\"color:#525060;margin-bottom:1.5rem;font-size:clamp(0.875rem, 0.875rem + ((1vw - 0.2rem) * 0.591), 1.2rem);font-style:normal;font-weight:400;line-height:1.5;text-transform:capitalize\">Rejoignez notre communaut\u00e9 de fashionistas !<\/p>\n\n\n\n<div class=\"wp-block-buttons has-custom-font-size is-content-justification-center is-layout-flex wp-container-core-buttons-is-layout-c064d7de wp-block-buttons-is-layout-flex\" style=\"margin-top:2.5rem;font-size:clamp(0.875rem, 0.875rem + ((1vw - 0.2rem) * 0.409), 1.1rem);line-height:1.5\">\n<div class=\"wp-block-button is-style-fill\"><a class=\"wp-block-button__link has-text-color has-background has-custom-font-size wp-element-button\" href=\"https:\/\/www.rondelettesrbx.fr\/index.php\/boutique\/\" style=\"border-radius:0px;color:#fffffd;background-color:#696778;padding-top:0.9rem;padding-right:3.5rem;padding-bottom:0.9rem;padding-left:3.5rem;font-size:clamp(0.875rem, 0.875rem + ((1vw - 0.2rem) * 0.409), 1.1rem);font-style:normal;font-weight:400;line-height:1.1\">SHOP NOW<\/a><\/div>\n<\/div>\n<\/section>\n","protected":false},"excerpt":{"rendered":"<p>COQUETTE EN RONDELETTES Nos valeurs : Style, Confort, Confiance Chez Rondelettes Rbx, nous croyons que chaque corps m\u00e9rite de se sentir fabuleux ! Notre mission est de fournir des v\u00eatements \u00e9l\u00e9gants et de haute qualit\u00e9 en grandes tailles qui vous permettent d&rsquo;exprimer votre personnalit\u00e9 unique. Nous comprenons que la mode n&rsquo;est pas seulement une question [&hellip;]<\/p>\n","protected":false},"author":1,"featured_media":0,"parent":0,"menu_order":0,"comment_status":"closed","ping_status":"closed","template":"","meta":{"footnotes":""},"class_list":["post-12","page","type-page","status-publish","hentry"],"jetpack_sharing_enabled":true,"_links":{"self":[{"href":"https:\/\/www.rondelettesrbx.fr\/index.php\/wp-json\/wp\/v2\/pages\/12","targetHints":{"allow":["GET"]}}],"collection":[{"href":"https:\/\/www.rondelettesrbx.fr\/index.php\/wp-json\/wp\/v2\/pages"}],"about":[{"href":"https:\/\/www.rondelettesrbx.fr\/index.php\/wp-json\/wp\/v2\/types\/page"}],"author":[{"embeddable":true,"href":"https:\/\/www.rondelettesrbx.fr\/index.php\/wp-json\/wp\/v2\/users\/1"}],"replies":[{"embeddable":true,"href":"https:\/\/www.rondelettesrbx.fr\/index.php\/wp-json\/wp\/v2\/comments?post=12"}],"version-history":[{"count":9,"href":"https:\/\/www.rondelettesrbx.fr\/index.php\/wp-json\/wp\/v2\/pages\/12\/revisions"}],"predecessor-version":[{"id":603,"href":"https:\/\/www.rondelettesrbx.fr\/index.php\/wp-json\/wp\/v2\/pages\/12\/revisions\/603"}],"wp:attachment":[{"href":"https:\/\/www.rondelettesrbx.fr\/index.php\/wp-json\/wp\/v2\/media?parent=12"}],"curies":[{"name":"wp","href":"https:\/\/api.w.org\/{rel}","templated":true}]}}