{"id":10,"date":"2025-02-11T13:08:03","date_gmt":"2025-02-11T12:08:03","guid":{"rendered":"https:\/\/www.rondelettesrbx.fr\/?page_id=10"},"modified":"2025-11-13T13:20:47","modified_gmt":"2025-11-13T12:20:47","slug":"accueil","status":"publish","type":"page","link":"https:\/\/www.rondelettesrbx.fr\/","title":{"rendered":"Accueil"},"content":{"rendered":"\n<section class=\"wp-block-cover alignfull is-light\"><img loading=\"lazy\" decoding=\"async\" width=\"1707\" height=\"2560\" class=\"wp-block-cover__image-background wp-image-35\" alt=\"\" src=\"http:\/\/www.rondelettesrbx.fr\/wp-content\/uploads\/2025\/02\/pexels-mart-production-8433579-scaled.jpg\" data-object-fit=\"cover\" srcset=\"https:\/\/www.rondelettesrbx.fr\/wp-content\/uploads\/2025\/02\/pexels-mart-production-8433579-scaled.jpg 1707w, https:\/\/www.rondelettesrbx.fr\/wp-content\/uploads\/2025\/02\/pexels-mart-production-8433579-scaled-600x900.jpg 600w, https:\/\/www.rondelettesrbx.fr\/wp-content\/uploads\/2025\/02\/pexels-mart-production-8433579-200x300.jpg 200w, https:\/\/www.rondelettesrbx.fr\/wp-content\/uploads\/2025\/02\/pexels-mart-production-8433579-683x1024.jpg 683w, https:\/\/www.rondelettesrbx.fr\/wp-content\/uploads\/2025\/02\/pexels-mart-production-8433579-768x1152.jpg 768w, https:\/\/www.rondelettesrbx.fr\/wp-content\/uploads\/2025\/02\/pexels-mart-production-8433579-1024x1536.jpg 1024w, https:\/\/www.rondelettesrbx.fr\/wp-content\/uploads\/2025\/02\/pexels-mart-production-8433579-1365x2048.jpg 1365w\" sizes=\"auto, (max-width: 1707px) 100vw, 1707px\" \/><span aria-hidden=\"true\" class=\"wp-block-cover__background has-background-dim-30 has-background-dim\" style=\"background-color:#fbfafa\"><\/span><div class=\"wp-block-cover__inner-container has-global-padding is-layout-constrained wp-container-core-cover-is-layout-c8431ee3 wp-block-cover-is-layout-constrained\">\n<div style=\"height:200px\" aria-hidden=\"true\" class=\"wp-block-spacer\"><\/div>\n\n\n\n<div class=\"wp-block-group has-global-padding is-layout-constrained wp-container-core-group-is-layout-bdbfdc43 wp-block-group-is-layout-constrained\" style=\"font-size:clamp(0.875rem, 0.875rem + ((1vw - 0.2rem) * 0.409), 1.1rem);font-style:normal;font-weight:400;line-height:1.5\">\n<h6 class=\"wp-block-heading has-text-align-center has-text-color\" style=\"color:#525060;font-size:clamp(2.503rem, 2.503rem + ((1vw - 0.2rem) * 3.995), 4.7rem);font-style:normal;font-weight:400\">Des tailles plus styl\u00e9es !<\/h6>\n\n\n\n<div class=\"wp-block-buttons has-custom-font-size is-content-justification-center is-layout-flex wp-container-core-buttons-is-layout-904f28d2 wp-block-buttons-is-layout-flex\" style=\"margin-top:3rem;margin-bottom:3rem;font-size:clamp(0.875rem, 0.875rem + ((1vw - 0.2rem) * 0.409), 1.1rem);line-height:1.5\">\n<div class=\"wp-block-button is-style-fill\"><a class=\"wp-block-button__link has-text-color has-background has-custom-font-size wp-element-button\" href=\"https:\/\/www.rondelettesrbx.fr\/index.php\/boutique\/\" style=\"border-radius:0px;color:#fffffd;background-color:#696778;padding-top:0.9rem;padding-right:3.5rem;padding-bottom:0.9rem;padding-left:3.5rem;font-size:clamp(0.875rem, 0.875rem + ((1vw - 0.2rem) * 0.409), 1.1rem);font-style:normal;font-weight:400;line-height:1.1;text-transform:uppercase\">Shop Now!<\/a><\/div>\n<\/div>\n\n\n\n<div style=\"height:231px\" aria-hidden=\"true\" class=\"wp-block-spacer\"><\/div>\n<\/div>\n<\/div><\/section>\n\n\n\n<section class=\"wp-block-group alignfull has-text-color has-global-padding is-layout-constrained wp-container-core-group-is-layout-6f1d5d44 wp-block-group-is-layout-constrained\" style=\"color:#3e3e3e;margin-top:0px;padding-right:1rem;padding-bottom:5.01rem;padding-left:1rem;font-size:clamp(0.875rem, 0.875rem + ((1vw - 0.2rem) * 0.464), 1.13rem);font-style:normal;font-weight:400;line-height:1.4\"><\/section>\n\n\n\n<section class=\"wp-block-group alignfull has-text-color has-global-padding is-layout-constrained wp-container-core-group-is-layout-b52fc5bb wp-block-group-is-layout-constrained\" style=\"color:#3e3e3e;margin-top:0rem;padding-top:0px;padding-right:1rem;padding-bottom:0px;padding-left:1rem;font-size:clamp(0.875rem, 0.875rem + ((1vw - 0.2rem) * 0.464), 1.13rem);font-style:normal;font-weight:400;line-height:1.5\">\n<div class=\"wp-block-group has-global-padding is-layout-constrained wp-container-core-group-is-layout-de9bb11e wp-block-group-is-layout-constrained\" style=\"padding-top:3.01rem;padding-bottom:3.01rem\">\n<h2 class=\"wp-block-heading has-text-align-center has-text-color\" style=\"color:#525060;margin-top:0px;margin-bottom:2rem;font-size:clamp(1.502rem, 1.502rem + ((1vw - 0.2rem) * 1.815), 2.5rem);font-style:normal;font-weight:400;line-height:1.5;text-transform:uppercase\">COLLECTIONS<\/h2>\n\n\n\n<div class=\"wp-block-columns is-layout-flex wp-container-core-columns-is-layout-caee7e2b wp-block-columns-is-layout-flex\">\n<div class=\"wp-block-column is-vertically-aligned-top has-global-padding is-layout-constrained wp-block-column-is-layout-constrained\" style=\"flex-basis:25%\">\n<figure class=\"wp-block-image aligncenter size-full is-resized\"><a href=\"https:\/\/www.rondelettesrbx.fr\/index.php\/categorie-produit\/robe\/\"><img loading=\"lazy\" decoding=\"async\" width=\"832\" height=\"1248\" src=\"https:\/\/www.rondelettesrbx.fr\/wp-content\/uploads\/2025\/10\/virtual-try-on-3f80369a-441d-436f-b23c-c5d34d22707d-1-1.jpg\" alt=\"\" class=\"wp-image-637\" style=\"width:292px;height:auto\" srcset=\"https:\/\/www.rondelettesrbx.fr\/wp-content\/uploads\/2025\/10\/virtual-try-on-3f80369a-441d-436f-b23c-c5d34d22707d-1-1.jpg 832w, https:\/\/www.rondelettesrbx.fr\/wp-content\/uploads\/2025\/10\/virtual-try-on-3f80369a-441d-436f-b23c-c5d34d22707d-1-1-200x300.jpg 200w, https:\/\/www.rondelettesrbx.fr\/wp-content\/uploads\/2025\/10\/virtual-try-on-3f80369a-441d-436f-b23c-c5d34d22707d-1-1-683x1024.jpg 683w, https:\/\/www.rondelettesrbx.fr\/wp-content\/uploads\/2025\/10\/virtual-try-on-3f80369a-441d-436f-b23c-c5d34d22707d-1-1-768x1152.jpg 768w, https:\/\/www.rondelettesrbx.fr\/wp-content\/uploads\/2025\/10\/virtual-try-on-3f80369a-441d-436f-b23c-c5d34d22707d-1-1-600x900.jpg 600w\" sizes=\"auto, (max-width: 832px) 100vw, 832px\" \/><\/a><\/figure>\n\n\n\n<h6 class=\"wp-block-heading has-text-align-center has-text-color\" style=\"color:#696778;margin-top:1rem;font-size:clamp(1.001rem, 1.001rem + ((1vw - 0.2rem) * 0.962), 1.53rem);font-style:normal;font-weight:400;line-height:1.3;text-transform:uppercase\">ROBES-combinaisons<\/h6>\n<\/div>\n\n\n\n<div class=\"wp-block-column is-vertically-aligned-center has-global-padding is-layout-constrained wp-block-column-is-layout-constrained\" style=\"flex-basis:25%\">\n<figure class=\"wp-block-image aligncenter size-full is-resized\"><a href=\"https:\/\/www.rondelettesrbx.fr\/index.php\/categorie-produit\/pantalon\/\"><img loading=\"lazy\" decoding=\"async\" width=\"558\" height=\"838\" src=\"http:\/\/www.rondelettesrbx.fr\/wp-content\/uploads\/2025\/10\/Capture-decran_25-10-2025_205837_parisfashionshops.com_.jpeg\" alt=\"\" class=\"wp-image-669\" style=\"width:288px\" srcset=\"https:\/\/www.rondelettesrbx.fr\/wp-content\/uploads\/2025\/10\/Capture-decran_25-10-2025_205837_parisfashionshops.com_.jpeg 558w, https:\/\/www.rondelettesrbx.fr\/wp-content\/uploads\/2025\/10\/Capture-decran_25-10-2025_205837_parisfashionshops.com_-200x300.jpeg 200w\" sizes=\"auto, (max-width: 558px) 100vw, 558px\" \/><\/a><\/figure>\n\n\n\n<h6 class=\"wp-block-heading has-text-align-center has-text-color\" style=\"color:#696778;margin-top:1rem;font-size:clamp(1.001rem, 1.001rem + ((1vw - 0.2rem) * 0.962), 1.53rem);font-style:normal;font-weight:400;line-height:1.3;text-transform:uppercase\">pantalonS-JEANS<\/h6>\n\n\n\n<p><\/p>\n<\/div>\n\n\n\n<div class=\"wp-block-column is-vertically-aligned-center has-global-padding is-layout-constrained wp-block-column-is-layout-constrained\" style=\"flex-basis:25%\">\n<figure class=\"wp-block-image aligncenter size-full is-resized\"><a href=\"https:\/\/www.rondelettesrbx.fr\/index.php\/categorie-produit\/pull\/\"><img loading=\"lazy\" decoding=\"async\" width=\"557\" height=\"848\" src=\"http:\/\/www.rondelettesrbx.fr\/wp-content\/uploads\/2025\/10\/Capture-decran_25-10-2025_204016_parisfashionshops.com_.jpeg\" alt=\"\" class=\"wp-image-676\" style=\"width:288px\" srcset=\"https:\/\/www.rondelettesrbx.fr\/wp-content\/uploads\/2025\/10\/Capture-decran_25-10-2025_204016_parisfashionshops.com_.jpeg 557w, https:\/\/www.rondelettesrbx.fr\/wp-content\/uploads\/2025\/10\/Capture-decran_25-10-2025_204016_parisfashionshops.com_-197x300.jpeg 197w\" sizes=\"auto, (max-width: 557px) 100vw, 557px\" \/><\/a><\/figure>\n\n\n\n<h6 class=\"wp-block-heading has-text-align-center has-text-color\" style=\"color:#696778;margin-top:1rem;font-size:clamp(1.001rem, 1.001rem + ((1vw - 0.2rem) * 0.962), 1.53rem);font-style:normal;font-weight:400;line-height:1.3;text-transform:uppercase\">TOP-CHEMISES-BLOUSES<\/h6>\n\n\n\n<p class=\"has-text-align-center has-text-color\" style=\"color:#696778;margin-top:0px;margin-bottom:1.77rem;font-size:clamp(0.875rem, 0.875rem + ((1vw - 0.2rem) * 0.227), 1rem);font-style:normal;font-weight:400;line-height:1.5\"><\/p>\n<\/div>\n\n\n\n<div class=\"wp-block-column is-layout-flow wp-block-column-is-layout-flow\" style=\"flex-basis:25%\">\n<figure class=\"wp-block-gallery has-nested-images columns-default is-cropped wp-block-gallery-1 is-layout-flex wp-block-gallery-is-layout-flex\">\n<figure class=\"wp-block-image size-large\"><a href=\"https:\/\/www.rondelettesrbx.fr\/index.php\/categorie-produit\/fetes\/\"><img loading=\"lazy\" decoding=\"async\" width=\"682\" height=\"1024\" data-id=\"685\" src=\"https:\/\/www.rondelettesrbx.fr\/wp-content\/uploads\/2025\/10\/481663713_1012361474274593_5077130269806456372_n-682x1024.jpg\" alt=\"\" class=\"wp-image-685\" srcset=\"https:\/\/www.rondelettesrbx.fr\/wp-content\/uploads\/2025\/10\/481663713_1012361474274593_5077130269806456372_n-682x1024.jpg 682w, https:\/\/www.rondelettesrbx.fr\/wp-content\/uploads\/2025\/10\/481663713_1012361474274593_5077130269806456372_n-200x300.jpg 200w, https:\/\/www.rondelettesrbx.fr\/wp-content\/uploads\/2025\/10\/481663713_1012361474274593_5077130269806456372_n-768x1154.jpg 768w, https:\/\/www.rondelettesrbx.fr\/wp-content\/uploads\/2025\/10\/481663713_1012361474274593_5077130269806456372_n-1022x1536.jpg 1022w, https:\/\/www.rondelettesrbx.fr\/wp-content\/uploads\/2025\/10\/481663713_1012361474274593_5077130269806456372_n-600x902.jpg 600w, https:\/\/www.rondelettesrbx.fr\/wp-content\/uploads\/2025\/10\/481663713_1012361474274593_5077130269806456372_n.jpg 1363w\" sizes=\"auto, (max-width: 682px) 100vw, 682px\" \/><\/a><\/figure>\n<\/figure>\n\n\n\n<h2 class=\"wp-block-heading has-text-align-center has-large-font-size\">   Joyeuses f\u00eates !<\/h2>\n<\/div>\n<\/div>\n<\/div>\n<\/section>\n\n\n\n<section class=\"wp-block-group alignfull has-text-color has-global-padding is-layout-constrained wp-container-core-group-is-layout-b9bc8b6c wp-block-group-is-layout-constrained\" style=\"color:#3e3e3e;margin-top:0px;padding-top:5.01rem;padding-right:1rem;padding-bottom:5.01rem;padding-left:1rem;font-size:clamp(0.875rem, 0.875rem + ((1vw - 0.2rem) * 0.464), 1.13rem);font-style:normal;font-weight:400;line-height:1.4\">\n<div class=\"wp-block-columns is-layout-flex wp-container-core-columns-is-layout-d9ea717a wp-block-columns-is-layout-flex\">\n<div class=\"wp-block-column is-layout-flow wp-block-column-is-layout-flow\" style=\"flex-basis:33%\">\n<div class=\"wp-block-group has-global-padding is-layout-constrained wp-block-group-is-layout-constrained\">\n<div class=\"wp-block-cover is-light\" style=\"min-height:330px;aspect-ratio:unset;\"><img decoding=\"async\" class=\"wp-block-cover__image-background wp-image-2959\" alt=\"\" src=\"https:\/\/tyler.com\/wp-content\/uploads\/2023\/11\/Style-Home-5th-Sec-Image1.jpeg\" data-object-fit=\"cover\"\/><span aria-hidden=\"true\" class=\"wp-block-cover__background has-background-dim-0 has-background-dim\"><\/span><div class=\"wp-block-cover__inner-container has-global-padding is-layout-constrained wp-block-cover-is-layout-constrained\">\n<div class=\"wp-block-buttons is-content-justification-center is-layout-flex wp-container-core-buttons-is-layout-a89b3969 wp-block-buttons-is-layout-flex\">\n<div class=\"wp-block-button\"><a class=\"wp-block-button__link has-text-color has-background has-custom-font-size wp-element-button\" href=\"https:\/\/www.rondelettesrbx.fr\/index.php\/categorie-produit\/vetements-exterieurs\/\" style=\"border-radius:0px;color:#525060;background-color:#fffffd;padding-top:0.9rem;padding-right:1.5rem;padding-bottom:0.9rem;padding-left:1.5rem;font-size:clamp(0.929rem, 0.929rem + ((1vw - 0.2rem) * 0.856), 1.4rem);font-style:normal;font-weight:400;line-height:1.1;text-transform:uppercase\">Collection de v\u00eatements d&rsquo;ext\u00e9rieur<\/a><\/div>\n<\/div>\n<\/div><\/div>\n<\/div>\n<\/div>\n\n\n\n<div class=\"wp-block-column is-layout-flow wp-block-column-is-layout-flow\" style=\"flex-basis:33%\">\n<div class=\"wp-block-cover is-light\" style=\"min-height:330px;aspect-ratio:unset;\"><img loading=\"lazy\" decoding=\"async\" width=\"1920\" height=\"2560\" class=\"wp-block-cover__image-background wp-image-45\" alt=\"\" src=\"https:\/\/www.rondelettesrbx.fr\/wp-content\/uploads\/2025\/02\/pexels-solodsha-8105118-scaled.jpg\" data-object-fit=\"cover\" srcset=\"https:\/\/www.rondelettesrbx.fr\/wp-content\/uploads\/2025\/02\/pexels-solodsha-8105118-scaled.jpg 1920w, https:\/\/www.rondelettesrbx.fr\/wp-content\/uploads\/2025\/02\/pexels-solodsha-8105118-scaled-600x800.jpg 600w, https:\/\/www.rondelettesrbx.fr\/wp-content\/uploads\/2025\/02\/pexels-solodsha-8105118-225x300.jpg 225w, https:\/\/www.rondelettesrbx.fr\/wp-content\/uploads\/2025\/02\/pexels-solodsha-8105118-768x1024.jpg 768w, https:\/\/www.rondelettesrbx.fr\/wp-content\/uploads\/2025\/02\/pexels-solodsha-8105118-1152x1536.jpg 1152w, https:\/\/www.rondelettesrbx.fr\/wp-content\/uploads\/2025\/02\/pexels-solodsha-8105118-1536x2048.jpg 1536w\" sizes=\"auto, (max-width: 1920px) 100vw, 1920px\" \/><span aria-hidden=\"true\" class=\"wp-block-cover__background has-background-dim-0 has-background-dim\" style=\"background-color:#948c81\"><\/span><div class=\"wp-block-cover__inner-container has-global-padding is-layout-constrained wp-block-cover-is-layout-constrained\">\n<div class=\"wp-block-buttons is-content-justification-center is-layout-flex wp-container-core-buttons-is-layout-a89b3969 wp-block-buttons-is-layout-flex\">\n<div class=\"wp-block-button\"><a class=\"wp-block-button__link has-text-color has-background has-custom-font-size wp-element-button\" href=\"https:\/\/www.rondelettesrbx.fr\/index.php\/categorie-produit\/accessoires\/\" style=\"border-radius:0px;color:#525060;background-color:#fffffd;padding-top:0.9rem;padding-right:1.5rem;padding-bottom:0.9rem;padding-left:1.5rem;font-size:clamp(0.929rem, 0.929rem + ((1vw - 0.2rem) * 0.856), 1.4rem);font-style:normal;font-weight:400;line-height:1.1;text-transform:uppercase\">AccessoIRES-SACS<\/a><\/div>\n<\/div>\n<\/div><\/div>\n<\/div>\n\n\n\n<div class=\"wp-block-column is-layout-flow wp-block-column-is-layout-flow\" style=\"flex-basis:33%\">\n<div class=\"wp-block-cover is-light\" style=\"min-height:330px;aspect-ratio:unset;\"><img loading=\"lazy\" decoding=\"async\" width=\"2560\" height=\"1857\" class=\"wp-block-cover__image-background wp-image-49\" alt=\"\" src=\"https:\/\/www.rondelettesrbx.fr\/wp-content\/uploads\/2025\/02\/IMG_5635-1-scaled.jpg\" data-object-fit=\"cover\" srcset=\"https:\/\/www.rondelettesrbx.fr\/wp-content\/uploads\/2025\/02\/IMG_5635-1-scaled.jpg 2560w, https:\/\/www.rondelettesrbx.fr\/wp-content\/uploads\/2025\/02\/IMG_5635-1-scaled-600x435.jpg 600w, https:\/\/www.rondelettesrbx.fr\/wp-content\/uploads\/2025\/02\/IMG_5635-1-300x218.jpg 300w, https:\/\/www.rondelettesrbx.fr\/wp-content\/uploads\/2025\/02\/IMG_5635-1-1024x743.jpg 1024w, https:\/\/www.rondelettesrbx.fr\/wp-content\/uploads\/2025\/02\/IMG_5635-1-768x557.jpg 768w, https:\/\/www.rondelettesrbx.fr\/wp-content\/uploads\/2025\/02\/IMG_5635-1-1536x1114.jpg 1536w, https:\/\/www.rondelettesrbx.fr\/wp-content\/uploads\/2025\/02\/IMG_5635-1-2048x1485.jpg 2048w\" sizes=\"auto, (max-width: 2560px) 100vw, 2560px\" \/><span aria-hidden=\"true\" class=\"wp-block-cover__background has-background-dim-0 has-background-dim\" style=\"background-color:#afa696\"><\/span><div class=\"wp-block-cover__inner-container has-global-padding is-layout-constrained wp-block-cover-is-layout-constrained\">\n<div class=\"wp-block-buttons is-content-justification-center is-layout-flex wp-container-core-buttons-is-layout-a89b3969 wp-block-buttons-is-layout-flex\">\n<div class=\"wp-block-button\"><a class=\"wp-block-button__link has-text-color has-background has-custom-font-size wp-element-button\" style=\"border-radius:0px;color:#525060;background-color:#fffffd;padding-top:0.9rem;padding-right:1.5rem;padding-bottom:0.9rem;padding-left:1.5rem;font-size:clamp(0.929rem, 0.929rem + ((1vw - 0.2rem) * 0.856), 1.4rem);font-style:normal;font-weight:400;line-height:1;text-transform:uppercase\">CHAUSSURES<\/a><\/div>\n<\/div>\n<\/div><\/div>\n<\/div>\n<\/div>\n<\/section>\n\n\n\n<section class=\"wp-block-group alignfull has-background has-global-padding is-layout-constrained wp-container-core-group-is-layout-aa394b01 wp-block-group-is-layout-constrained\" style=\"border-bottom-color:#534f611f;border-bottom-width:1px;background-color:#f6f3ee;margin-top:0px;margin-bottom:0px;padding-top:5rem;padding-right:1rem;padding-bottom:4rem;padding-left:1rem\">\n<figure class=\"wp-block-image aligncenter size-full is-resized\"><img decoding=\"async\" src=\"https:\/\/tyler.com\/wp-content\/uploads\/2023\/10\/5-Star-1.png\" alt=\"\" class=\"wp-image-3843\" style=\"width:127px;height:auto\"\/><\/figure>\n\n\n\n<p class=\"has-text-align-center has-text-color\" style=\"color:#525060;margin-top:1.2rem;margin-bottom:0px;font-size:clamp(0.875rem, 0.875rem + ((1vw - 0.2rem) * 0.409), 1.1rem);\">J&rsquo;ai eu du mal \u00e0 trouver des v\u00eatements \u00e9l\u00e9gants \u00e0 ma taille pendant des ann\u00e9es. Ce magasin a tout chang\u00e9 ! Les robes me vont parfaitement et je me sens belle. La qualit\u00e9 est fantastique et j&rsquo;adore la vari\u00e9t\u00e9. Faire du shopping ici est un jeu d&rsquo;enfant, et je repars toujours avec quelque chose que j&rsquo;adore. Je recommande vivement ce magasin \u00e0 toutes les personnes qui recherchent des v\u00eatements grande taille \u00e0 la mode !<\/p>\n\n\n\n<p class=\"has-text-align-center has-text-color\" style=\"color:#525060;margin-top:1.2rem;margin-bottom:0px;font-size:clamp(0.875rem, 0.875rem + ((1vw - 0.2rem) * 0.409), 1.1rem);\">Vanessa S.<\/p>\n<\/section>\n\n\n\n<p><\/p>\n","protected":false},"excerpt":{"rendered":"<p>COLLECTIONS ROBES-combinaisons pantalonS-JEANS TOP-CHEMISES-BLOUSES Joyeuses f\u00eates ! J&rsquo;ai eu du mal \u00e0 trouver des v\u00eatements \u00e9l\u00e9gants \u00e0 ma taille pendant des ann\u00e9es. Ce magasin a tout chang\u00e9 ! Les robes me vont parfaitement et je me sens belle. La qualit\u00e9 est fantastique et j&rsquo;adore la vari\u00e9t\u00e9. Faire du shopping ici est un jeu d&rsquo;enfant, et [&hellip;]<\/p>\n","protected":false},"author":1,"featured_media":26,"parent":0,"menu_order":0,"comment_status":"closed","ping_status":"closed","template":"","meta":{"footnotes":""},"class_list":["post-10","page","type-page","status-publish","has-post-thumbnail","hentry"],"jetpack_sharing_enabled":true,"_links":{"self":[{"href":"https:\/\/www.rondelettesrbx.fr\/index.php\/wp-json\/wp\/v2\/pages\/10","targetHints":{"allow":["GET"]}}],"collection":[{"href":"https:\/\/www.rondelettesrbx.fr\/index.php\/wp-json\/wp\/v2\/pages"}],"about":[{"href":"https:\/\/www.rondelettesrbx.fr\/index.php\/wp-json\/wp\/v2\/types\/page"}],"author":[{"embeddable":true,"href":"https:\/\/www.rondelettesrbx.fr\/index.php\/wp-json\/wp\/v2\/users\/1"}],"replies":[{"embeddable":true,"href":"https:\/\/www.rondelettesrbx.fr\/index.php\/wp-json\/wp\/v2\/comments?post=10"}],"version-history":[{"count":38,"href":"https:\/\/www.rondelettesrbx.fr\/index.php\/wp-json\/wp\/v2\/pages\/10\/revisions"}],"predecessor-version":[{"id":954,"href":"https:\/\/www.rondelettesrbx.fr\/index.php\/wp-json\/wp\/v2\/pages\/10\/revisions\/954"}],"wp:featuredmedia":[{"embeddable":true,"href":"https:\/\/www.rondelettesrbx.fr\/index.php\/wp-json\/wp\/v2\/media\/26"}],"wp:attachment":[{"href":"https:\/\/www.rondelettesrbx.fr\/index.php\/wp-json\/wp\/v2\/media?parent=10"}],"curies":[{"name":"wp","href":"https:\/\/api.w.org\/{rel}","templated":true}]}}